{"id":2247,"date":"2025-04-02T14:55:31","date_gmt":"2025-04-02T14:55:31","guid":{"rendered":"https:\/\/pink-chimpanzee-582120.hostingersite.com\/?page_id=2247"},"modified":"2025-04-07T11:10:50","modified_gmt":"2025-04-07T11:10:50","slug":"politica-de-cookies","status":"publish","type":"page","link":"https:\/\/residenciajc1.com\/en\/politica-de-cookies\/","title":{"rendered":"Cookies policy"},"content":{"rendered":"<div data-elementor-type=\"wp-page\" data-elementor-id=\"2247\" class=\"elementor elementor-2247\">\n\t\t\t\t<div class=\"elementor-element elementor-element-a8818f4 e-flex e-con-boxed e-con e-parent\" data-id=\"a8818f4\" data-element_type=\"container\" data-e-type=\"container\">\n\t\t\t\t\t<div class=\"e-con-inner\">\n\t\t\t\t<div class=\"elementor-element elementor-element-f9fb489 elementor-widget elementor-widget-heading\" data-id=\"f9fb489\" data-element_type=\"widget\" data-e-type=\"widget\" data-widget_type=\"heading.default\">\n\t\t\t\t<div class=\"elementor-widget-container\">\n\t\t\t\t\t<h1 class=\"elementor-heading-title elementor-size-default\">COOKIE POLICY<\/h1>\t\t\t\t<\/div>\n\t\t\t\t<\/div>\n\t\t\t\t<div class=\"elementor-element elementor-element-1a5afb6 elementor-widget elementor-widget-text-editor\" data-id=\"1a5afb6\" data-element_type=\"widget\" data-e-type=\"widget\" data-widget_type=\"text-editor.default\">\n\t\t\t\t<div class=\"elementor-widget-container\">\n\t\t\t\t\t\t\t\t\t<p><span style=\"font-weight: 400;\">On this website, we use cookies and\/or similar technologies that store and retrieve information when you browse. In general, these technologies can serve a wide range of purposes, such as recognizing you as a user, obtaining information about your browsing habits, or personalizing the way content is displayed.<\/span><\/p><p><span style=\"font-weight: 400;\">The specific uses we make of these technologies are described below. We want to inform you clearly and precisely about the cookies we use, detailing what a cookie is, what it is used for, what types of cookies we use, their purpose, and how you can configure or disable them if you wish.<\/span><\/p>\t\t\t\t\t\t\t\t<\/div>\n\t\t\t\t<\/div>\n\t\t\t\t<div class=\"elementor-element elementor-element-bd9b8b2 elementor-widget elementor-widget-heading\" data-id=\"bd9b8b2\" data-element_type=\"widget\" data-e-type=\"widget\" data-widget_type=\"heading.default\">\n\t\t\t\t<div class=\"elementor-widget-container\">\n\t\t\t\t\t<h2 class=\"elementor-heading-title elementor-size-default\">What is a cookie and what is it used for?<\/h2>\t\t\t\t<\/div>\n\t\t\t\t<\/div>\n\t\t\t\t<div class=\"elementor-element elementor-element-22cbe20 elementor-widget elementor-widget-text-editor\" data-id=\"22cbe20\" data-element_type=\"widget\" data-e-type=\"widget\" data-widget_type=\"text-editor.default\">\n\t\t\t\t<div class=\"elementor-widget-container\">\n\t\t\t\t\t\t\t\t\t<p><span style=\"font-weight: 400;\">A \"Cookie\" is a small file stored on the user's computer, tablet, smartphone, or any other device with information about browsing.<\/span><span style=\"font-weight: 400;\"><br \/><\/span><span style=\"font-weight: 400;\">The set of \"cookies\" of all our users helps us improve the quality of our website, allowing us to monitor which pages are useful, which are not, and which need improvement.<\/span><\/p><p><span style=\"font-weight: 400;\">Cookies are essential for the functioning of the internet, providing countless advantages in offering interactive services, facilitating navigation, and usability of our website. In no case can cookies damage your device. On the contrary, having them enabled helps us identify and resolve errors.<\/span><\/p>\t\t\t\t\t\t\t\t<\/div>\n\t\t\t\t<\/div>\n\t\t\t\t<div class=\"elementor-element elementor-element-00f0852 elementor-widget elementor-widget-heading\" data-id=\"00f0852\" data-element_type=\"widget\" data-e-type=\"widget\" data-widget_type=\"heading.default\">\n\t\t\t\t<div class=\"elementor-widget-container\">\n\t\t\t\t\t<h2 class=\"elementor-heading-title elementor-size-default\">WHAT TYPES OF COOKIES EXIST?<\/h2>\t\t\t\t<\/div>\n\t\t\t\t<\/div>\n\t\t\t\t<div class=\"elementor-element elementor-element-1f215de elementor-widget elementor-widget-text-editor\" data-id=\"1f215de\" data-element_type=\"widget\" data-e-type=\"widget\" data-widget_type=\"text-editor.default\">\n\t\t\t\t<div class=\"elementor-widget-container\">\n\t\t\t\t\t\t\t\t\t<p><em><b>ACCORDING TO THE ENTITY THAT MANAGES THEM<\/b><\/em><\/p><ul><li style=\"font-weight: 400;\" aria-level=\"1\"><b>First-party cookies<\/b><\/li><\/ul><p><span style=\"font-weight: 400;\">These are cookies sent to your device from our own devices or domains from which we provide the requested service.<\/span><\/p><ul><li style=\"font-weight: 400;\" aria-level=\"1\"><b>Third-party cookies<\/b><\/li><\/ul><p><span style=\"font-weight: 400;\">These are cookies sent to your device from a device or domain not managed by us but by a collaborating entity. For example, those used by social media networks or external content such as Google Maps.<\/span><\/p><p><span style=\"font-weight: 400;\"><br \/><\/span><em><b>ACCORDING TO THE PERIOD OF TIME THEY REMAIN ACTIVE<\/b><\/em><\/p><ul><li style=\"font-weight: 400;\" aria-level=\"1\"><b>Session cookies<\/b><\/li><\/ul><p><span style=\"font-weight: 400;\">These are temporary cookies that remain in your browser\u2019s cookie file until you leave the website, so none are recorded on your computer's hard drive. The information collected by these cookies is used to analyze web traffic patterns. In the long term, this allows us to provide a better experience by improving content and making it easier to use.<\/span><\/p><ul><li style=\"font-weight: 400;\" aria-level=\"1\"><b>Persistent cookies<\/b><\/li><\/ul><p><span style=\"font-weight: 400;\">These are stored on your hard drive and our website reads them each time you make a new visit. A permanent cookie has a specific expiration date. The cookie will stop functioning after that date.<\/span><\/p><p><em><b>ACCORDING TO THEIR PURPOSE<\/b><\/em><\/p><ul><li style=\"font-weight: 400;\" aria-level=\"1\"><b>Technical cookies<\/b><\/li><\/ul><p><span style=\"font-weight: 400;\">These are necessary for browsing and the proper functioning of our website. They allow, for example, controlling traffic and data communication, accessing restricted parts, processing orders, using security features, storing content to broadcast videos, or sharing content through social media.<\/span><\/p><ul><li style=\"font-weight: 400;\" aria-level=\"1\"><b>Analytical cookies<\/b><\/li><\/ul><p><span style=\"font-weight: 400;\">These allow us to quantify the number of users and conduct statistical measurements and analysis of users\u2019 use of the services provided. To do this, we analyze their browsing on our website to improve the range of products and services we offer.<\/span><b><\/b><\/p><ul><li aria-level=\"1\"><b>Preference or customization cookies<\/b><\/li><\/ul><p><span style=\"font-weight: 400;\">These allow us to remember information so the user can access the service with certain features that may differ their experience from other users, such as language, the number of results to display when performing a search, the appearance or content of the service depending on the type of browser the user is using to access the service or the region from which the user accesses the service, etc.<\/span><\/p><ul><li style=\"font-weight: 400;\" aria-level=\"1\"><b>Behavioral advertising cookies<\/b><\/li><\/ul><p><span style=\"font-weight: 400;\">These store information about users' behavior obtained through the continuous observation of their browsing habits, allowing the creation of a specific profile to show advertisements based on it.<\/span><\/p>\t\t\t\t\t\t\t\t<\/div>\n\t\t\t\t<\/div>\n\t\t\t\t<div class=\"elementor-element elementor-element-c7ce072 elementor-widget elementor-widget-heading\" data-id=\"c7ce072\" data-element_type=\"widget\" data-e-type=\"widget\" data-widget_type=\"heading.default\">\n\t\t\t\t<div class=\"elementor-widget-container\">\n\t\t\t\t\t<h2 class=\"elementor-heading-title elementor-size-default\">PURPOSE OF EACH COOKIE USED<\/h2>\t\t\t\t<\/div>\n\t\t\t\t<\/div>\n\t\t\t\t<div class=\"elementor-element elementor-element-3ce4f65 elementor-widget elementor-widget-text-editor\" data-id=\"3ce4f65\" data-element_type=\"widget\" data-e-type=\"widget\" data-widget_type=\"text-editor.default\">\n\t\t\t\t<div class=\"elementor-widget-container\">\n\t\t\t\t\t\t\t\t\t<p><span style=\"font-weight: 400;\">Below, we detail the cookies used on our website and their purposes.<\/span><\/p>\t\t\t\t\t\t\t\t<\/div>\n\t\t\t\t<\/div>\n\t\t\t\t<div class=\"elementor-element elementor-element-494e105 eael-dt-th-align-center eael-table-align-center elementor-widget elementor-widget-eael-data-table\" data-id=\"494e105\" data-element_type=\"widget\" data-e-type=\"widget\" data-widget_type=\"eael-data-table.default\">\n\t\t\t\t<div class=\"elementor-widget-container\">\n\t\t\t\t\t\t\t<div class=\"eael-data-table-wrap\" data-table_id=\"494e105\" id=\"eael-data-table-wrapper-494e105\" data-custom_responsive=\"false\">\n\t\t\t<table class=\"tablesorter eael-data-table center\" id=\"eael-data-table-494e105\">\n\t\t\t    <thead>\n\t\t\t        <tr class=\"table-header\">\n\t\t\t\t\t\t\t\t\t            <th class=\"\" id=\"\" colspan=\"\">\n\t\t\t\t\t\t\t\t\t\t\t\t\t\t<span class=\"data-table-header-text\">Cookie<\/span><\/th>\n\t\t\t        \t\t\t\t            <th class=\"\" id=\"\" colspan=\"\">\n\t\t\t\t\t\t\t\t\t\t\t\t\t\t<span class=\"data-table-header-text\">Finalidad o servicio asociado<\/span><\/th>\n\t\t\t        \t\t\t\t            <th class=\"\" id=\"\" colspan=\"\">\n\t\t\t\t\t\t\t\t\t\t\t\t\t\t<span class=\"data-table-header-text\">Duraci\u00f3n<\/span><\/th>\n\t\t\t        \t\t\t\t            <th class=\"\" id=\"\" colspan=\"\">\n\t\t\t\t\t\t\t\t\t\t\t\t\t\t<span class=\"data-table-header-text\">Terceros<\/span><\/th>\n\t\t\t        \t\t\t\t        <\/tr>\n\t\t\t    <\/thead>\n\t\t\t  \t<tbody>\n\t\t\t\t\t\t\t\t\t\t\t<tr>\n\t\t\t\t\t\t\t\t\t\t\t\t\t\t\t\t   \t\t\t\t\t\t\t\t\t\t\t<td colspan=\"\" rowspan=\"\" class=\"\" id=\"\">\n\t\t\t\t\t\t\t\t\t\t\t\t<div class=\"td-content-wrapper\"><div class=\"td-content\">\n\t\t\t\t\t\t\t\t\t\t\t\t\t_ga\t\t\t\t\t\t\t\t\t\t\t\t<\/div><\/div>\n\t\t\t\t\t\t\t\t\t\t\t<\/td>\n\t\t\t\t\t\t\t\t\t\t\t\t\t\t\t\t\t\t\t\t\t\t\t\t\t\t\t\t\t   \t\t\t\t\t\t\t\t\t\t\t<td colspan=\"\" rowspan=\"\" class=\"\" id=\"\">\n\t\t\t\t\t\t\t\t\t\t\t\t<div class=\"td-content-wrapper\"><div class=\"td-content\">\n\t\t\t\t\t\t\t\t\t\t\t\t\tContains a unique identifier used by Google Analytics to determine that two different visits belong to the same user across all browsing sessions.\t\t\t\t\t\t\t\t\t\t\t\t<\/div><\/div>\n\t\t\t\t\t\t\t\t\t\t\t<\/td>\n\t\t\t\t\t\t\t\t\t\t\t\t\t\t\t\t\t\t\t\t\t\t\t\t\t\t\t\t\t   \t\t\t\t\t\t\t\t\t\t\t<td colspan=\"\" rowspan=\"\" class=\"\" id=\"\">\n\t\t\t\t\t\t\t\t\t\t\t\t<div class=\"td-content-wrapper\"><div class=\"td-content\">\n\t\t\t\t\t\t\t\t\t\t\t\t\t1 year\t\t\t\t\t\t\t\t\t\t\t\t<\/div><\/div>\n\t\t\t\t\t\t\t\t\t\t\t<\/td>\n\t\t\t\t\t\t\t\t\t\t\t\t\t\t\t\t\t\t\t\t\t\t\t\t\t\t\t\t\t   \t\t\t\t\t\t\t\t\t\t\t<td colspan=\"\" rowspan=\"\" class=\"\" id=\"\">\n\t\t\t\t\t\t\t\t\t\t\t\t<div class=\"td-content-wrapper\"><div class=\"td-content\">\n\t\t\t\t\t\t\t\t\t\t\t\t\tGoogle Analytics\t\t\t\t\t\t\t\t\t\t\t\t<\/div><\/div>\n\t\t\t\t\t\t\t\t\t\t\t<\/td>\n\t\t\t\t\t\t\t\t\t\t\t\t\t\t\t\t\t\t\t\t\t\t\t\t\t\t<\/tr>\n\t\t\t        \t\t\t\t\t\t<tr>\n\t\t\t\t\t\t\t\t\t\t\t\t\t\t\t\t   \t\t\t\t\t\t\t\t\t\t\t<td colspan=\"\" rowspan=\"\" class=\"\" id=\"\">\n\t\t\t\t\t\t\t\t\t\t\t\t<div class=\"td-content-wrapper\"><div class=\"td-content\">\n\t\t\t\t\t\t\t\t\t\t\t\t\t_ga*\t\t\t\t\t\t\t\t\t\t\t\t<\/div><\/div>\n\t\t\t\t\t\t\t\t\t\t\t<\/td>\n\t\t\t\t\t\t\t\t\t\t\t\t\t\t\t\t\t\t\t\t\t\t\t\t\t\t\t\t\t   \t\t\t\t\t\t\t\t\t\t\t<td colspan=\"\" rowspan=\"\" class=\"\" id=\"\">\n\t\t\t\t\t\t\t\t\t\t\t\t<div class=\"td-content-wrapper\"><div class=\"td-content\">\n\t\t\t\t\t\t\t\t\t\t\t\t\tContains a unique identifier used by Google Analytics to determine that two different visits belong to the same user across all browsing sessions.\t\t\t\t\t\t\t\t\t\t\t\t<\/div><\/div>\n\t\t\t\t\t\t\t\t\t\t\t<\/td>\n\t\t\t\t\t\t\t\t\t\t\t\t\t\t\t\t\t\t\t\t\t\t\t\t\t\t\t\t\t   \t\t\t\t\t\t\t\t\t\t\t<td colspan=\"\" rowspan=\"\" class=\"\" id=\"\">\n\t\t\t\t\t\t\t\t\t\t\t\t<div class=\"td-content-wrapper\"><div class=\"td-content\">\n\t\t\t\t\t\t\t\t\t\t\t\t\t1 year\t\t\t\t\t\t\t\t\t\t\t\t<\/div><\/div>\n\t\t\t\t\t\t\t\t\t\t\t<\/td>\n\t\t\t\t\t\t\t\t\t\t\t\t\t\t\t\t\t\t\t\t\t\t\t\t\t\t\t\t\t   \t\t\t\t\t\t\t\t\t\t\t<td colspan=\"\" rowspan=\"\" class=\"\" id=\"\">\n\t\t\t\t\t\t\t\t\t\t\t\t<div class=\"td-content-wrapper\"><div class=\"td-content\">\n\t\t\t\t\t\t\t\t\t\t\t\t\tGoogle Analytics\t\t\t\t\t\t\t\t\t\t\t\t<\/div><\/div>\n\t\t\t\t\t\t\t\t\t\t\t<\/td>\n\t\t\t\t\t\t\t\t\t\t\t\t\t\t\t\t\t\t\t\t\t\t\t\t\t\t<\/tr>\n\t\t\t        \t\t\t    <\/tbody>\n\t\t\t<\/table>\n\t\t<\/div>\n\t  \t\t\t\t\t<\/div>\n\t\t\t\t<\/div>\n\t\t\t\t<div class=\"elementor-element elementor-element-899d277 elementor-widget elementor-widget-text-editor\" data-id=\"899d277\" data-element_type=\"widget\" data-e-type=\"widget\" data-widget_type=\"text-editor.default\">\n\t\t\t\t<div class=\"elementor-widget-container\">\n\t\t\t\t\t\t\t\t\t<p><span style=\"font-weight: 400;\">The expiration period for each cookie is defined for each individual cookie.<\/span><\/p><ul><li><span style=\"font-weight: 400;\">More information about Google\u2019s policies:<\/span><\/li><\/ul><p><span style=\"text-decoration: underline;\"><a href=\"https:\/\/developers.google.com\/analytics\/devguides\/collection\/gajs\/cookie-usage?hl=es\">https:\/\/developers.google.com\/analytics\/devguides\/collection\/gajs\/cookie-usage?hl=es<\/a><\/span><\/p>\t\t\t\t\t\t\t\t<\/div>\n\t\t\t\t<\/div>\n\t\t\t\t<div class=\"elementor-element elementor-element-1173c2b elementor-widget elementor-widget-heading\" data-id=\"1173c2b\" data-element_type=\"widget\" data-e-type=\"widget\" data-widget_type=\"heading.default\">\n\t\t\t\t<div class=\"elementor-widget-container\">\n\t\t\t\t\t<h2 class=\"elementor-heading-title elementor-size-default\">HOW CAN YOU CONFIGURE OR DISABLE YOUR COOKIES?<\/h2>\t\t\t\t<\/div>\n\t\t\t\t<\/div>\n\t\t\t\t<div class=\"elementor-element elementor-element-a63ccd8 elementor-widget elementor-widget-text-editor\" data-id=\"a63ccd8\" data-element_type=\"widget\" data-e-type=\"widget\" data-widget_type=\"text-editor.default\">\n\t\t\t\t<div class=\"elementor-widget-container\">\n\t\t\t\t\t\t\t\t\t<p><span style=\"font-weight: 400;\">You can allow, block, or delete the cookies installed on your device by configuring your internet browser settings. If you do not allow the installation of cookies in your browser, you may not be able to access some services, and your experience on our website may be less satisfactory. In the following links, you have all the information to configure or disable your cookies in each browser:<\/span><\/p><ul><li style=\"font-weight: 400;\" aria-level=\"1\"><span style=\"text-decoration: underline;\"><a href=\"https:\/\/support.google.com\/chrome\/answer\/95647?hl=es\"><span style=\"font-weight: 400;\">Google Chrome<\/span><\/a><\/span><\/li><li style=\"font-weight: 400;\" aria-level=\"1\"><span style=\"text-decoration: underline;\"><a href=\"https:\/\/support.mozilla.org\/es\/kb\/habilitar-y-deshabilitar-cookies-que-los-sitios-we\"><span style=\"font-weight: 400;\">Mozilla Firefox<\/span><\/a><\/span><\/li><li style=\"font-weight: 400;\" aria-level=\"1\"><span style=\"text-decoration: underline;\"><a href=\"http:\/\/windows.microsoft.com\/es-es\/windows-vista\/block-or-allow-cookies\"><span style=\"font-weight: 400;\">Internet Explorer<\/span><\/a><\/span><\/li><li style=\"font-weight: 400;\" aria-level=\"1\"><span style=\"text-decoration: underline;\"><a href=\"http:\/\/support.apple.com\/kb\/ph5042?viewlocale=es_es\"><span style=\"font-weight: 400;\">Safari<\/span><\/a><\/span><\/li><li style=\"font-weight: 400;\" aria-level=\"1\"><span style=\"text-decoration: underline;\"><a href=\"http:\/\/support.apple.com\/kb\/ht1677?viewlocale=es_es\"><span style=\"font-weight: 400;\">Safari para IOS (iPhone and iPad)<\/span><\/a><\/span><\/li><li style=\"font-weight: 400;\" aria-level=\"1\"><span style=\"text-decoration: underline;\"><a href=\"https:\/\/support.google.com\/chrome\/answer\/2392971?hl=es\"><span style=\"font-weight: 400;\">Chrome para Android<\/span><\/a><\/span><\/li><\/ul><p><span style=\"font-weight: 400;\">Or you can also use the button at the beginning of this cookie policy to open the configurator and reject the cookies you have accepted.<\/span><\/p>\t\t\t\t\t\t\t\t<\/div>\n\t\t\t\t<\/div>\n\t\t\t\t<div class=\"elementor-element elementor-element-549d653 elementor-widget elementor-widget-heading\" data-id=\"549d653\" data-element_type=\"widget\" data-e-type=\"widget\" data-widget_type=\"heading.default\">\n\t\t\t\t<div class=\"elementor-widget-container\">\n\t\t\t\t\t<h2 class=\"elementor-heading-title elementor-size-default\">MORE INFORMATION<\/h2>\t\t\t\t<\/div>\n\t\t\t\t<\/div>\n\t\t\t\t<div class=\"elementor-element elementor-element-7fb99c0 elementor-widget elementor-widget-text-editor\" data-id=\"7fb99c0\" data-element_type=\"widget\" data-e-type=\"widget\" data-widget_type=\"text-editor.default\">\n\t\t\t\t<div class=\"elementor-widget-container\">\n\t\t\t\t\t\t\t\t\t<p><span style=\"font-weight: 400;\">For more information, please refer to our <a href=\"https:\/\/residenciajc1.com\/en\/politica-de-privacidad\/\"><span style=\"text-decoration: underline;\">privacy policy<\/span><\/a>.<\/span><\/p>\t\t\t\t\t\t\t\t<\/div>\n\t\t\t\t<\/div>\n\t\t\t\t\t<\/div>\n\t\t\t\t<\/div>\n\t\t\t\t<\/div>","protected":false},"excerpt":{"rendered":"<p>Pol\u00edtica de COOKIES En esta web utilizamos cookies y\/o tecnolog\u00edas similares que almacenan y recuperan informaci\u00f3n cuando navegas. En general, estas tecnolog\u00edas pueden servir para finalidades muy diversas, como, por ejemplo, reconocerte como usuario, obtener informaci\u00f3n sobre tus h\u00e1bitos de navegaci\u00f3n, o personalizar la forma en que se muestra el contenido. Los usos concretos que [&hellip;]<\/p>\n","protected":false},"author":1,"featured_media":0,"parent":0,"menu_order":0,"comment_status":"closed","ping_status":"closed","template":"elementor_header_footer","meta":{"footnotes":""},"class_list":["post-2247","page","type-page","status-publish","hentry"],"yoast_head":"<!-- This site is optimized with the Yoast SEO plugin v27.3 - https:\/\/yoast.com\/product\/yoast-seo-wordpress\/ -->\n<title>Pol\u00edtica de cookies - Residencia Universitaria JC1<\/title>\n<meta name=\"robots\" content=\"index, follow, max-snippet:-1, max-image-preview:large, max-video-preview:-1\" \/>\n<link rel=\"canonical\" href=\"https:\/\/residenciajc1.com\/en\/politica-de-cookies\/\" \/>\n<meta property=\"og:locale\" content=\"en_US\" \/>\n<meta property=\"og:type\" content=\"article\" \/>\n<meta property=\"og:title\" content=\"Pol\u00edtica de cookies - Residencia Universitaria JC1\" \/>\n<meta property=\"og:description\" content=\"Pol\u00edtica de COOKIES En esta web utilizamos cookies y\/o tecnolog\u00edas similares que almacenan y recuperan informaci\u00f3n cuando navegas. En general, estas tecnolog\u00edas pueden servir para finalidades muy diversas, como, por ejemplo, reconocerte como usuario, obtener informaci\u00f3n sobre tus h\u00e1bitos de navegaci\u00f3n, o personalizar la forma en que se muestra el contenido. Los usos concretos que [&hellip;]\" \/>\n<meta property=\"og:url\" content=\"https:\/\/residenciajc1.com\/en\/politica-de-cookies\/\" \/>\n<meta property=\"og:site_name\" content=\"Residencia Universitaria JC1\" \/>\n<meta property=\"article:modified_time\" content=\"2025-04-07T11:10:50+00:00\" \/>\n<meta name=\"twitter:card\" content=\"summary_large_image\" \/>\n<meta name=\"twitter:label1\" content=\"Est. reading time\" \/>\n\t<meta name=\"twitter:data1\" content=\"5 minutes\" \/>\n<script type=\"application\/ld+json\" class=\"yoast-schema-graph\">{\"@context\":\"https:\\\/\\\/schema.org\",\"@graph\":[{\"@type\":\"WebPage\",\"@id\":\"https:\\\/\\\/residenciajc1.com\\\/politica-de-cookies\\\/\",\"url\":\"https:\\\/\\\/residenciajc1.com\\\/politica-de-cookies\\\/\",\"name\":\"Pol\u00edtica de cookies - Residencia Universitaria JC1\",\"isPartOf\":{\"@id\":\"https:\\\/\\\/residenciajc1.com\\\/#website\"},\"datePublished\":\"2025-04-02T14:55:31+00:00\",\"dateModified\":\"2025-04-07T11:10:50+00:00\",\"breadcrumb\":{\"@id\":\"https:\\\/\\\/residenciajc1.com\\\/politica-de-cookies\\\/#breadcrumb\"},\"inLanguage\":\"en-US\",\"potentialAction\":[{\"@type\":\"ReadAction\",\"target\":[\"https:\\\/\\\/residenciajc1.com\\\/politica-de-cookies\\\/\"]}]},{\"@type\":\"BreadcrumbList\",\"@id\":\"https:\\\/\\\/residenciajc1.com\\\/politica-de-cookies\\\/#breadcrumb\",\"itemListElement\":[{\"@type\":\"ListItem\",\"position\":1,\"name\":\"Portada\",\"item\":\"https:\\\/\\\/residenciajc1.com\\\/\"},{\"@type\":\"ListItem\",\"position\":2,\"name\":\"Pol\u00edtica de cookies\"}]},{\"@type\":\"WebSite\",\"@id\":\"https:\\\/\\\/residenciajc1.com\\\/#website\",\"url\":\"https:\\\/\\\/residenciajc1.com\\\/\",\"name\":\"Residencia Universitaria JC1\",\"description\":\"\",\"publisher\":{\"@id\":\"https:\\\/\\\/residenciajc1.com\\\/#organization\"},\"potentialAction\":[{\"@type\":\"SearchAction\",\"target\":{\"@type\":\"EntryPoint\",\"urlTemplate\":\"https:\\\/\\\/residenciajc1.com\\\/?s={search_term_string}\"},\"query-input\":{\"@type\":\"PropertyValueSpecification\",\"valueRequired\":true,\"valueName\":\"search_term_string\"}}],\"inLanguage\":\"en-US\"},{\"@type\":\"Organization\",\"@id\":\"https:\\\/\\\/residenciajc1.com\\\/#organization\",\"name\":\"Residencia Universitaria JC1\",\"url\":\"https:\\\/\\\/residenciajc1.com\\\/\",\"logo\":{\"@type\":\"ImageObject\",\"inLanguage\":\"en-US\",\"@id\":\"https:\\\/\\\/residenciajc1.com\\\/#\\\/schema\\\/logo\\\/image\\\/\",\"url\":\"https:\\\/\\\/www.residenciajc1.com\\\/wp-content\\\/uploads\\\/2025\\\/02\\\/Logotipo-final-con-nombre-JC1-3.png\",\"contentUrl\":\"https:\\\/\\\/www.residenciajc1.com\\\/wp-content\\\/uploads\\\/2025\\\/02\\\/Logotipo-final-con-nombre-JC1-3.png\",\"width\":1424,\"height\":758,\"caption\":\"Residencia Universitaria JC1\"},\"image\":{\"@id\":\"https:\\\/\\\/residenciajc1.com\\\/#\\\/schema\\\/logo\\\/image\\\/\"}}]}<\/script>\n<!-- \/ Yoast SEO plugin. -->","yoast_head_json":{"title":"Pol\u00edtica de cookies - Residencia Universitaria JC1","robots":{"index":"index","follow":"follow","max-snippet":"max-snippet:-1","max-image-preview":"max-image-preview:large","max-video-preview":"max-video-preview:-1"},"canonical":"https:\/\/residenciajc1.com\/en\/politica-de-cookies\/","og_locale":"en_US","og_type":"article","og_title":"Pol\u00edtica de cookies - Residencia Universitaria JC1","og_description":"Pol\u00edtica de COOKIES En esta web utilizamos cookies y\/o tecnolog\u00edas similares que almacenan y recuperan informaci\u00f3n cuando navegas. En general, estas tecnolog\u00edas pueden servir para finalidades muy diversas, como, por ejemplo, reconocerte como usuario, obtener informaci\u00f3n sobre tus h\u00e1bitos de navegaci\u00f3n, o personalizar la forma en que se muestra el contenido. Los usos concretos que [&hellip;]","og_url":"https:\/\/residenciajc1.com\/en\/politica-de-cookies\/","og_site_name":"Residencia Universitaria JC1","article_modified_time":"2025-04-07T11:10:50+00:00","twitter_card":"summary_large_image","twitter_misc":{"Est. reading time":"5 minutes"},"schema":{"@context":"https:\/\/schema.org","@graph":[{"@type":"WebPage","@id":"https:\/\/residenciajc1.com\/politica-de-cookies\/","url":"https:\/\/residenciajc1.com\/politica-de-cookies\/","name":"Pol\u00edtica de cookies - Residencia Universitaria JC1","isPartOf":{"@id":"https:\/\/residenciajc1.com\/#website"},"datePublished":"2025-04-02T14:55:31+00:00","dateModified":"2025-04-07T11:10:50+00:00","breadcrumb":{"@id":"https:\/\/residenciajc1.com\/politica-de-cookies\/#breadcrumb"},"inLanguage":"en-US","potentialAction":[{"@type":"ReadAction","target":["https:\/\/residenciajc1.com\/politica-de-cookies\/"]}]},{"@type":"BreadcrumbList","@id":"https:\/\/residenciajc1.com\/politica-de-cookies\/#breadcrumb","itemListElement":[{"@type":"ListItem","position":1,"name":"Portada","item":"https:\/\/residenciajc1.com\/"},{"@type":"ListItem","position":2,"name":"Pol\u00edtica de cookies"}]},{"@type":"WebSite","@id":"https:\/\/residenciajc1.com\/#website","url":"https:\/\/residenciajc1.com\/","name":"Residencia Universitaria JC1","description":"","publisher":{"@id":"https:\/\/residenciajc1.com\/#organization"},"potentialAction":[{"@type":"SearchAction","target":{"@type":"EntryPoint","urlTemplate":"https:\/\/residenciajc1.com\/?s={search_term_string}"},"query-input":{"@type":"PropertyValueSpecification","valueRequired":true,"valueName":"search_term_string"}}],"inLanguage":"en-US"},{"@type":"Organization","@id":"https:\/\/residenciajc1.com\/#organization","name":"Residencia Universitaria JC1","url":"https:\/\/residenciajc1.com\/","logo":{"@type":"ImageObject","inLanguage":"en-US","@id":"https:\/\/residenciajc1.com\/#\/schema\/logo\/image\/","url":"https:\/\/www.residenciajc1.com\/wp-content\/uploads\/2025\/02\/Logotipo-final-con-nombre-JC1-3.png","contentUrl":"https:\/\/www.residenciajc1.com\/wp-content\/uploads\/2025\/02\/Logotipo-final-con-nombre-JC1-3.png","width":1424,"height":758,"caption":"Residencia Universitaria JC1"},"image":{"@id":"https:\/\/residenciajc1.com\/#\/schema\/logo\/image\/"}}]}},"_links":{"self":[{"href":"https:\/\/residenciajc1.com\/en\/wp-json\/wp\/v2\/pages\/2247","targetHints":{"allow":["GET"]}}],"collection":[{"href":"https:\/\/residenciajc1.com\/en\/wp-json\/wp\/v2\/pages"}],"about":[{"href":"https:\/\/residenciajc1.com\/en\/wp-json\/wp\/v2\/types\/page"}],"author":[{"embeddable":true,"href":"https:\/\/residenciajc1.com\/en\/wp-json\/wp\/v2\/users\/1"}],"replies":[{"embeddable":true,"href":"https:\/\/residenciajc1.com\/en\/wp-json\/wp\/v2\/comments?post=2247"}],"version-history":[{"count":13,"href":"https:\/\/residenciajc1.com\/en\/wp-json\/wp\/v2\/pages\/2247\/revisions"}],"predecessor-version":[{"id":2572,"href":"https:\/\/residenciajc1.com\/en\/wp-json\/wp\/v2\/pages\/2247\/revisions\/2572"}],"wp:attachment":[{"href":"https:\/\/residenciajc1.com\/en\/wp-json\/wp\/v2\/media?parent=2247"}],"curies":[{"name":"wp","href":"https:\/\/api.w.org\/{rel}","templated":true}]}}